{"id":77,"date":"2016-04-11T17:01:06","date_gmt":"2016-04-11T15:01:06","guid":{"rendered":"https:\/\/kleinfeldturnier-natternbach.at\/?page_id=77"},"modified":"2025-07-08T00:03:05","modified_gmt":"2025-07-07T22:03:05","slug":"anmeldung-2","status":"publish","type":"page","link":"https:\/\/kleinfeldturnier-natternbach.at\/?page_id=77","title":{"rendered":"Online Anmeldung"},"content":{"rendered":"<p><strong>Online Anmeldung f\u00fcr das 24. Internom Kleinfeldturnier Natternbach<br \/>\n<\/strong><\/p>\n<p>Am Samstag den 05.07.2025 fand das diesj\u00e4hrige Kleinfeldtunier statt.<\/p>\n<p>Wir danken f\u00fcr Ihre Teilnahme \/ Interesse und hoffen Sie hatten viel Spa\u00df beim 24. Internorm Kleinfeldturnier Natternbach.<\/p>\n<p>Mit sportlichen Gr\u00fc\u00dfen<br \/>\nUnion IKUNA Natternbach<\/p>\n","protected":false},"excerpt":{"rendered":"<p>Online Anmeldung f\u00fcr das 24. Internom Kleinfeldturnier Natternbach Am Samstag den 05.07.2025 fand das diesj\u00e4hrige Kleinfeldtunier statt. Wir danken f\u00fcr Ihre Teilnahme \/ Interesse und hoffen Sie hatten viel Spa\u00df beim 24. Internorm Kleinfeldturnier Natternbach. Mit sportlichen Gr\u00fc\u00dfen Union IKUNA Natternbach<\/p>\n","protected":false},"author":1,"featured_media":0,"parent":0,"menu_order":0,"comment_status":"closed","ping_status":"closed","template":"template-fullwidth-no-title.php","meta":{"ngg_post_thumbnail":0,"footnotes":""},"class_list":["post-77","page","type-page","status-publish","hentry"],"wppr_data":{"cwp_meta_box_check":"No"},"amp_enabled":false,"_links":{"self":[{"href":"https:\/\/kleinfeldturnier-natternbach.at\/index.php?rest_route=\/wp\/v2\/pages\/77","targetHints":{"allow":["GET"]}}],"collection":[{"href":"https:\/\/kleinfeldturnier-natternbach.at\/index.php?rest_route=\/wp\/v2\/pages"}],"about":[{"href":"https:\/\/kleinfeldturnier-natternbach.at\/index.php?rest_route=\/wp\/v2\/types\/page"}],"author":[{"embeddable":true,"href":"https:\/\/kleinfeldturnier-natternbach.at\/index.php?rest_route=\/wp\/v2\/users\/1"}],"replies":[{"embeddable":true,"href":"https:\/\/kleinfeldturnier-natternbach.at\/index.php?rest_route=%2Fwp%2Fv2%2Fcomments&post=77"}],"version-history":[{"count":27,"href":"https:\/\/kleinfeldturnier-natternbach.at\/index.php?rest_route=\/wp\/v2\/pages\/77\/revisions"}],"predecessor-version":[{"id":2859,"href":"https:\/\/kleinfeldturnier-natternbach.at\/index.php?rest_route=\/wp\/v2\/pages\/77\/revisions\/2859"}],"wp:attachment":[{"href":"https:\/\/kleinfeldturnier-natternbach.at\/index.php?rest_route=%2Fwp%2Fv2%2Fmedia&parent=77"}],"curies":[{"name":"wp","href":"https:\/\/api.w.org\/{rel}","templated":true}]}}